{"id":234,"date":"2024-08-13T13:29:18","date_gmt":"2024-08-13T11:29:18","guid":{"rendered":"https:\/\/angel-green.justidea.dev\/polityka-prywatnosci\/"},"modified":"2024-09-11T13:03:03","modified_gmt":"2024-09-11T11:03:03","slug":"privacy-policy","status":"publish","type":"page","link":"https:\/\/angelgreen.pl\/en\/privacy-policy\/","title":{"rendered":"Privacy Policy"},"content":{"rendered":"\r\n<p class=\"wp-block-heading\"><strong>Korzystaj\u0105c z naszej strony internetowej \u2013 angelgreen.com.pl oraz angelgreen.pl, powierzasz nam swoje dane osobowe. Ochrona informacji dotycz\u0105cych U\u017cytkownik\u00f3w naszego serwisu jest dla nas spraw\u0105 najwy\u017cszej wagi, w zwi\u0105zku z czym dok\u0142adamy najwy\u017cszych stara\u0144, by nasz U\u017cytkownik czu\u0142 si\u0119 bezpiecznie. Niniejsza Polityka prywatno\u015bci wyja\u015bnia zasady i zakres przetwarzania przez nas danych naszych U\u017cytkownik\u00f3w, przys\u0142uguj\u0105ce U\u017cytkownikowi prawa oraz nasze obowi\u0105zki, jako Administratora tych danych osobowych.<\/strong><br \/><br \/><\/p>\r\n<ul class=\"nolist\">\r\n<li>\r\n<h3 class=\"wp-block-heading\">1. Kto kontroluje Twoje dane osobowe?<\/h3>\r\nAdministratorem Twoich danych osobowych jest\u00a0<strong>Angel Green sp\u00f3\u0142ka z ograniczon\u0105 odpowiedzialno\u015bci\u0105 1 sp\u00f3\u0142ka komandytowa z siedzib\u0105 w Krakowie<\/strong>\u00a0(31-069) przy ul. Sukienniczej 8\/U7, wpisana do Krajowego Rejestru S\u0105dowego prowadzonego przez S\u0105d Rejonowy dla Krakowa \u2013 \u015ar\u00f3dmie\u015bcia w Krakowie, XI Wydzia\u0142 Gospodarczy KRS pod numerem KRS: 0000756616 (dalej: Administrator).<br \/><br \/>Aby zapewni\u0107 pe\u0142n\u0105 ochron\u0119 Twoich danych osobowych, Administrator powo\u0142a\u0142 Inspektora Ochrony Danych, z kt\u00f3rym mo\u017cesz skontaktowa\u0107 si\u0119 za po\u015brednictwem adresu e-mail:\u00a0<a href=\"mailto:iod.krakow@angelpoland.com.pl\">iod.krakow@angelpoland.com.pl<\/a><\/li>\r\n<li>\r\n<h3>2. Gdzie przechowujemy Twoje dane?<\/h3>\r\nZebrane dane osobowe przechowujemy na terenie Europejskiego Obszaru Gospodarczego (dalej: EOG). Ka\u017cda operacja przesy\u0142ania danych osobowych jest wykonywana zgodnie z obowi\u0105zuj\u0105cym prawem.<\/li>\r\n<li>\r\n<h3>3. Kto ma dost\u0119p do Twoich danych?<\/h3>\r\nNie przekazujemy Twoich danych, nie sprzedajemy ich ani nie wymieniamy si\u0119 nimi w celach marketingowych z podmiotami zewn\u0119trznymi. Je\u017celi dane osobowe b\u0119d\u0105 przekazywane do innych podmiot\u00f3w, zostaniesz o tym wyra\u017anie poinformowany.<\/li>\r\n<li>\r\n<h3>4. Jakie s\u0105 podstawy prawne przetwarzania danych?<\/h3>\r\nDane osobowe s\u0105 przetwarzane zgodnie z przepisami Rozporz\u0105dzenia Parlamentu Europejskiego i Rady (UE) 2016\/679 z dnia 27 kwietnia 2016 r. w sprawie ochrony os\u00f3b fizycznych w zwi\u0105zku z przetwarzaniem danych osobowych i w sprawie swobodnego przep\u0142ywu takich danych oraz uchylenia dyrektywy 95\/46\/WE (dalej:\u00a0<strong>RODO<\/strong>).<br \/><br \/>W momencie zebrania Twoich danych osobowych ka\u017cdorazowo poinformujemy Ci\u0119 jaka jest podstawa ich przetwarzania, czy masz obowi\u0105zek przekaza\u0107 dane osobowe i jakie s\u0105 mo\u017cliwe konsekwencje niewyra\u017cenia na to zgody. Twoje dane mo\u017cemy przetwarza\u0107 na podstawie zgody, ale r\u00f3wnie\u017c w celu wykonania umowy lub z uwagi na nasz prawnie uzasadniony interes. W przypadku zbierania danych na podstawie Twojej zgody, wyra\u017cenie zgody na przetwarzanie Twoich danych osobowych zawsze jest ca\u0142kowicie dobrowolne, jednak brak zgody uniemo\u017cliwia np. nawi\u0105zanie kontaktu lub przedstawienie oferty.<\/li>\r\n<li>\r\n<h3>5. Jakie dane osobowe gromadzimy?<\/h3>\r\nGromadzimy, przetwarzamy oraz wykorzystujemy dane osobowe, kt\u00f3re przekazujesz nam dobrowolnie \u2013 tylko w sytuacji, gdy wyra\u017casz na to zgod\u0119.<br \/><br \/>Informacje, kt\u00f3re przekazujesz przetwarzane s\u0105 przede wszystkim w celu realizacji w spos\u00f3b prawid\u0142owy \u015bwiadczonych przez nas us\u0142ug, w tym przyk\u0142adowo: nawi\u0105zanie kontaktu, um\u00f3wienie daty spotkania, ustalenie szczeg\u00f3\u0142\u00f3w oferty. Podczas gromadzenia danych osobowych zostaniesz ka\u017cdorazowo poinformowany, na jakiej podstawie i w jakim celu zbieramy Twoje dane.<\/li>\r\n<li>\r\n<h3>6. W jaki spos\u00f3b korzystamy z Twoich danych osobowych?<\/h3>\r\nWykorzystujemy informacje przekazane wy\u0142\u0105cznie w spos\u00f3b okre\u015blony w niniejszym dokumencie, maj\u0105c na wzgl\u0119dzie tre\u015b\u0107 wyra\u017conej przez Ciebie zgody. Ka\u017cdorazowe wykorzystanie informacji w inny spos\u00f3b ni\u017c okre\u015blony w niniejszym dokumencie b\u0119dzie wi\u0105za\u0142o si\u0119 z poinformowaniem o sposobie i celu ich wykorzystania oraz b\u0119dzie wymaga\u0142o od ka\u017cdorazowego wyra\u017cenia zgody na ich wykorzystanie.<br \/><br \/><strong>Twoje dane osobowe mog\u0105 by\u0107 wykorzystywane w celu przesy\u0142ania informacji handlowych pochodz\u0105cych bezpo\u015brednio od Administratora oraz celem przesy\u0142ania newslettera<\/strong>\u00a0zawieraj\u0105cego informacje zwi\u0105zane z ofert\u0105, w tym dotycz\u0105ce nowo\u015bci pojawiaj\u0105cych si\u0119 w serwisie oraz inne informacje zwi\u0105zane z tematyk\u0105 serwisu \u2013 tylko, gdy wyrazi\u0142e\u015b na to zgod\u0119.<br \/><br \/><strong>Wykorzystujemy technologi\u0119 Cookies w celu dostosowania serwisu do Twoich potrzeb<\/strong>. Mo\u017cesz nie wyra\u017ca\u0107 zgody na to, aby wpisane dane zosta\u0142y zapami\u0119tane i aby\u015b m\u00f3g\u0142 bez powt\u00f3rnego wpisywania korzysta\u0107 z nich przy nast\u0119pnych odwiedzinach serwisu. W\u0142a\u015bciciele innych witryn nie b\u0119d\u0105 mieli dost\u0119pu do danych okre\u015blonych w niniejszym punkcie. Je\u017celi nie zgadzasz si\u0119 na personalizowanie serwisu, mo\u017cesz wy\u0142\u0105czy\u0107 obs\u0142ug\u0119 Cookies w opcjach przegl\u0105darki internetowej.<br \/><br \/>Nasza strona internetowa stosuje Cookies wydajno\u015bciowe, czyli s\u0142u\u017c\u0105ce do zbierania informacji o sposobie korzystania ze strony, by lepiej dzia\u0142a\u0142a, oraz funkcjonalne, czyli pozwalaj\u0105ce \u201epami\u0119ta\u0107\u201d o ustawieniach u\u017cytkownika (np. j\u0119zyk, rozmiar czcionki).<br \/><br \/>Nasza strona internetowa wykorzystuje nast\u0119puj\u0105ce pliki Cookies:<br \/>_utma \u2013 plik zapisywany na dysku komputera podczas pierwszych odwiedzin danej witryny. Plik zawiera unikalny numer identyfikacyjny, za pomoc\u0105 kt\u00f3rego narz\u0119dzie analityczne potrafi okre\u015bli\u0107 unikalnego i nowego u\u017cytkownika,<br \/>_utmb \u2013 plik cookie _utmb jest odpowiedzialny za przechowywanie informacji na temat danej wizyty,<br \/>_utmc \u2013 plik cookie wsp\u00f3\u0142pracuj\u0105cy z _utmb, kt\u00f3rego zadaniem jest ustalenie, czy nale\u017cy rozpocz\u0105\u0107 \u015bledzenie nowych odwiedzin, czy te\u017c zbierane dane powinny zosta\u0107 zaliczone do istniej\u0105cych odwiedzin,<br \/>_utmz \u2013 plik cookie zawieraj\u0105cy informacj\u0119 na temat \u017ar\u00f3de\u0142 odwiedzin. Dzi\u0119ki niemu mo\u017cliwe jest policzenie m.in. odwiedzin z wyszukiwarek,<br \/>PHPSESSID \u2013 plik cookie utrzymuj\u0105cy identyfikator bie\u017c\u0105cej sesji pomi\u0119dzy serwerem, na kt\u00f3rym zainstalowana jest strona a uprz\u0119dzeniem u\u017cytkownika, za po\u015brednictwem kt\u00f3rego komunikuje si\u0119 on z serwerem i ze stron\u0105.<br \/><br \/>Poziom ochrony przed Cookies ustawia si\u0119 w ka\u017cdej przegl\u0105darce, a\u017c do ca\u0142kowitego blokowania plik\u00f3w Cookies. Zwi\u0119ksza to poziom bezpiecze\u0144stwa i ochrony danych, ale mo\u017ce tak\u017ce uniemo\u017cliwia\u0107 niekt\u00f3re funkcje.<br \/><br \/><strong>Wykorzystujemy dane zgromadzone w logach systemowych wynikaj\u0105ce z og\u00f3lnych zasad po\u0142\u0105cze\u0144 realizowanych w sieci Internet np. adres IP<\/strong>. Wszelkie dane zgromadzone w logach systemowych w tym dane eksploatacyjne, okre\u015blaj\u0105ce Twoj\u0105 aktywno\u015b\u0107 w serwisie wykorzystywane s\u0105 przez serwis w zgodzie z obowi\u0105zuj\u0105cymi przepisami prawa, szczeg\u00f3lnie w celach technicznych oraz statystycznych.<\/li>\r\n<li>\r\n<h3>7. Jak d\u0142ugo przechowujemy Twoje dane osobowe?<\/h3>\r\nOkres przechowywania danych osobowych jest powi\u0105zany z celami i podstawami ich przetwarzania.<br \/><br \/>Twoje dane osobowe przetwarzane b\u0119d\u0105 w celach marketingowych przez okres w jakim te cele wynikaj\u0105ce ze zgody pozostaj\u0105 wa\u017cne, a je\u015bli wycofasz zgod\u0119 to do momentu cofni\u0119cia zgody.<br \/><br \/>Dodatkowo do chwili przedawnienia roszcze\u0144 b\u0119dziemy przechowywa\u0107 dow\u00f3d udzielonej przez Ciebie zgody dla cel\u00f3w dowodowych \u2013 wykazania fakt\u00f3w na wypadek ewentualnych roszcze\u0144 zwi\u0105zanych z przetwarzaniem danych osobowych. W odniesieniu do pozosta\u0142ych cel\u00f3w opartych na naszym uzasadnionym interesie przez okres wa\u017cno\u015bci tych cel\u00f3w albo do czasu wniesienia przez Ciebie sprzeciwu.<br \/><br \/>Po up\u0142ywie tych okres\u00f3w dane b\u0119d\u0105 usuwane lub zanonimizowane.<\/li>\r\n<li>\r\n<h3>8. Jakie masz prawa?<\/h3>\r\n<strong>W zwi\u0105zku z przetwarzaniem Twoich danych osobowych, przys\u0142uguj\u0105 Ci nast\u0119puj\u0105ce prawa:<\/strong><br \/><br \/>\r\n<ul>\r\n<li>W ka\u017cdej chwili mo\u017cesz wycofa\u0107 swoj\u0105 zgod\u0119 \u2013 bez podawania przyczyny<br \/>\u017b\u0105danie mo\u017ce dotyczy\u0107 wskazanego przez Ciebie celu przetwarzania, np. wycofanie zgody na otrzymywanie informacji handlowych, ale mo\u017ce te\u017c dotyczy\u0107 wszystkich cel\u00f3w przetwarzania. Wycofanie zgody co do wszystkich cel\u00f3w przetwarzania spowoduje, \u017ce zostanie usuni\u0119te Twoje Konto, a Twoje dane nie b\u0119d\u0105 przez nas przetwarzane. Wycofanie zgody nie wp\u0142ynie na dotychczas dokonane czynno\u015bci.<\/li>\r\n<li>Prawo do dost\u0119pu do danych<br \/>W ka\u017cdej chwili masz prawo za\u017c\u0105da\u0107 informacji o tym, jakie Twoje dane osobowe przechowujemy. Aby to zrobi\u0107, skontaktuj si\u0119 z nami pod adresem e-mail:\u00a0<a href=\"mailto:iod.krakow@angelpoland.com.pl\">iod.krakow@angelpoland.com.pl<\/a>\u00a0\u2013 otrzymasz te informacje poczt\u0105 e-mail.<\/li>\r\n<li>Prawo do przenoszenia<br \/>Gdy przetwarzamy Twoje dane osobowe w spos\u00f3b zautomatyzowany, na podstawie Twojej zgody lub zawartej umowy, masz prawo otrzyma\u0107 kopi\u0119 swoich danych w ustrukturyzowanym, powszechnie u\u017cywanym i mo\u017cliwym do odczytania formacie. Kopia ta mo\u017ce zosta\u0107 przes\u0142ana do Ciebie lub innego administratora. Pami\u0119taj, \u017ce prawo to dotyczy wy\u0142\u0105cznie danych osobowych, kt\u00f3re zosta\u0142y nam przekazane.<\/li>\r\n<li>Prawo do poprawiania danych<br \/>Zawsze mo\u017cesz za\u017c\u0105da\u0107 poprawienia swoich danych osobowych, je\u015bli s\u0105 one niepoprawne, a tak\u017ce do uzupe\u0142niania niekompletnych danych. W celu realizacji tego prawa, mo\u017cesz edytowa\u0107 swoje dane osobowe na stronie swojego konta.<\/li>\r\n<li>Prawo do usuni\u0119cia danych<br \/>Masz prawo w ka\u017cdej chwili usun\u0105\u0107 przetwarzane przez nas dane osobowe, a gdy nie b\u0119dzie to mo\u017cliwe \u2013 poinformujemy Ci\u0119 o tym.<\/li>\r\n<li>Prawo do ograniczenia<br \/>Masz prawo \u017c\u0105da\u0107, aby\u015bmy ograniczyli przetwarzanie Twoich danych osobowych pod nast\u0119puj\u0105cymi warunkami:<br \/>&#8211; je\u015bli zg\u0142osisz, \u017ce Twoje dane osobowe s\u0105 niepoprawne, wtedy musimy ograniczy\u0107 przetwarzanie danych do momentu zweryfikowania ich poprawno\u015bci,<br \/>&#8211; je\u015bli przetwarzanie jest niezgodne z prawem, mo\u017cesz nie zgodzi\u0107 si\u0119 na usuni\u0119cie danych osobowych i w zamian za\u017c\u0105da\u0107 ograniczenia ich u\u017cywania,<br \/>&#8211; je\u015bli nie potrzebujemy ju\u017c Twoich danych osobowych, ale s\u0105 one wymagane do zg\u0142oszenia lub oddalenia roszczenia.<\/li>\r\n<\/ul>\r\n<\/li>\r\n<li>\r\n<h3>9. Jak mo\u017cesz korzysta\u0107 ze swoich praw?<\/h3>\r\nPowa\u017cnie podchodzimy do ochrony danych, dlatego wyznaczyli\u015bmy dedykowany adres e-mail, na kt\u00f3ry mo\u017cesz kierowa\u0107 wszelkie pytania zwi\u0105zane z Twoimi danymi osobowymi. Skontaktuj si\u0119 z nami pod adresem:\u00a0<a href=\"mailto:iod.krakow@angelpoland.com.pl\">iod.krakow@angelpoland.com.pl<\/a><\/li>\r\n<li>\r\n<h3>10. Inspektor Ochrony Danych Osobowych:<\/h3>\r\nAby zagwarantowa\u0107, \u017ce Twoje dane zawsze b\u0119d\u0105 przetwarzanie w spos\u00f3b transparenty i zgodny z prawem, wyznaczyli\u015bmy Inspektora Ochrony Danych. Aby skontaktowa\u0107 si\u0119 z IOD, napisz na adres:\u00a0<a href=\"mailto:iod.krakow@angelpoland.com.pl\">iod.krakow@angelpoland.com.pl<\/a>, a w temacie wiadomo\u015bci wpisz \u201eIOD\u201d.<\/li>\r\n<li>\r\n<h3>11. Co mo\u017cesz zrobi\u0107, gdy przetwarzamy Twoje dane w niew\u0142a\u015bciwy spos\u00f3b?<\/h3>\r\nJe\u015bli uwa\u017casz, \u017ce przetwarzamy dane osobowe w niew\u0142a\u015bciwy spos\u00f3b \u2013 skontaktuj si\u0119 z nami pod adresem:\u00a0<a href=\"mailto:iod.krakow@angelpoland.com.pl\">iod.krakow@angelpoland.com.pl<\/a>. Mo\u017cesz r\u00f3wnie\u017c zg\u0142osi\u0107 skarg\u0119 do Prezesa Urz\u0119du Ochrony Danych Osobowych<\/li>\r\n<li>\r\n<h3>12. Zabezpieczenia.<\/h3>\r\nDok\u0142adamy najwy\u017cszych stara\u0144 w celu jak najlepszego zabezpieczenia Twoich danych osobowych, w szczeg\u00f3lno\u015bci przed utrat\u0105, nieodpowiednim u\u017cyciem, dost\u0119pem przez podmioty nieuprawnione oraz ujawnieniem danych.<br \/><br \/>Wszelkie podejrzenia dotycz\u0105ce wyst\u0119powania zagro\u017cenia dotycz\u0105cego ujawnienia danych lub dost\u0119pu podmiot\u00f3w nieuprawnionych, niezw\u0142ocznie zg\u0142o\u015b pod adresem:\u00a0<a href=\"mailto:iod.krakow@angelpoland.com.pl\">iod.krakow@angelpoland.com.pl<\/a><br \/>Mimo zastosowania zaawansowanych \u015brodk\u00f3w technicznych, nie mo\u017cemy w pe\u0142ni zagwarantowa\u0107 tajemnicy sk\u0142adowanych i przesy\u0142anych danych w sieci Internet.<\/li>\r\n<li>\r\n<h3>13. Odes\u0142anie do stron internetowych podmiot\u00f3w trzecich<\/h3>\r\nJe\u017celi nasza strona internetowa odsy\u0142a \u2013 r\u00f3wnie\u017c poprzez link \u2013 do stron internetowych podmiot\u00f3w trzecich, Administrator nie ponosi odpowiedzialno\u015bci za prawid\u0142owo\u015b\u0107 b\u0105d\u017a kompletno\u015b\u0107 prezentowanych tam tre\u015bci oraz za bezpiecze\u0144stwo danych. Maj\u0105c na wzgl\u0119dzie, \u017ce Administrator nie ma wp\u0142ywu na przestrzeganie zasad w zakresie ochrony danych przez podmioty trzecie, ka\u017cdorazowo sprawd\u017a prezentowane tam deklaracje o ochronie danych osobowych i zapoznaj si\u0119 z polityk\u0105 prywatno\u015bci.<\/li>\r\n<li>\r\n<h3>14. Aktualizacja naszych zasad prywatno\u015bci.<\/h3>\r\nNie mo\u017cemy wykluczy\u0107, \u017ce w przysz\u0142o\u015bci b\u0119dziemy musieli zaktualizowa\u0107 nasz\u0105 Polityk\u0119 prywatno\u015bci. Najnowsza wersja b\u0119dzie zawsze dost\u0119pna na naszej stronie www. Dodatkowo, b\u0119dziemy informowa\u0107 o ka\u017cdej zmianie tre\u015bci dokumentu, np. o zmianach dotycz\u0105cych celu, w jakim korzystamy z Twoich danych osobowych, sposobu kontaktu z nami lub Twoich praw.<\/li>\r\n<li>\r\n<h3>15. Postanowienia ko\u0144cowe.<\/h3>\r\nJe\u017celi nie akceptujesz postanowie\u0144 zawartych w niniejszym dokumencie powiniene\u015b zaprzesta\u0107 korzystania ze strony internetowej.<br \/><br \/>Niniejszy dokument obowi\u0105zuje od dnia\u00a0<strong>02.01.2020 r.<\/strong><\/li>\r\n<\/ul>","protected":false},"excerpt":{"rendered":"<p>Korzystaj\u0105c z naszej strony internetowej \u2013 angelgreen.com.pl oraz angelgreen.pl, powierzasz nam swoje dane osobowe. Ochrona informacji dotycz\u0105cych U\u017cytkownik\u00f3w naszego serwisu jest dla nas spraw\u0105 najwy\u017cszej wagi, w zwi\u0105zku z czym dok\u0142adamy najwy\u017cszych stara\u0144, by nasz U\u017cytkownik czu\u0142 si\u0119 bezpiecznie. Niniejsza Polityka prywatno\u015bci wyja\u015bnia zasady i zakres przetwarzania przez nas danych naszych U\u017cytkownik\u00f3w, przys\u0142uguj\u0105ce U\u017cytkownikowi prawa [&hellip;]<\/p>\n","protected":false},"author":1,"featured_media":0,"parent":0,"menu_order":0,"comment_status":"closed","ping_status":"open","template":"","meta":{"_acf_changed":false,"footnotes":""},"class_list":["post-234","page","type-page","status-publish","hentry"],"acf":[],"yoast_head":"<!-- This site is optimized with the Yoast SEO plugin v27.3 - https:\/\/yoast.com\/product\/yoast-seo-wordpress\/ -->\n<title>Privacy Policy - Angel Green<\/title>\n<meta name=\"robots\" content=\"index, follow, max-snippet:-1, max-image-preview:large, max-video-preview:-1\" \/>\n<link rel=\"canonical\" href=\"https:\/\/angelgreen.pl\/en\/privacy-policy\/\" \/>\n<meta property=\"og:locale\" content=\"en_US\" \/>\n<meta property=\"og:type\" content=\"article\" \/>\n<meta property=\"og:title\" content=\"Privacy Policy - Angel Green\" \/>\n<meta property=\"og:description\" content=\"Korzystaj\u0105c z naszej strony internetowej \u2013 angelgreen.com.pl oraz angelgreen.pl, powierzasz nam swoje dane osobowe. Ochrona informacji dotycz\u0105cych U\u017cytkownik\u00f3w naszego serwisu jest dla nas spraw\u0105 najwy\u017cszej wagi, w zwi\u0105zku z czym dok\u0142adamy najwy\u017cszych stara\u0144, by nasz U\u017cytkownik czu\u0142 si\u0119 bezpiecznie. Niniejsza Polityka prywatno\u015bci wyja\u015bnia zasady i zakres przetwarzania przez nas danych naszych U\u017cytkownik\u00f3w, przys\u0142uguj\u0105ce U\u017cytkownikowi prawa [&hellip;]\" \/>\n<meta property=\"og:url\" content=\"https:\/\/angelgreen.pl\/en\/privacy-policy\/\" \/>\n<meta property=\"og:site_name\" content=\"Angel Green\" \/>\n<meta property=\"article:modified_time\" content=\"2024-09-11T11:03:03+00:00\" \/>\n<meta name=\"twitter:card\" content=\"summary_large_image\" \/>\n<meta name=\"twitter:label1\" content=\"Est. reading time\" \/>\n\t<meta name=\"twitter:data1\" content=\"10 minutes\" \/>\n<script type=\"application\/ld+json\" class=\"yoast-schema-graph\">{\"@context\":\"https:\\\/\\\/schema.org\",\"@graph\":[{\"@type\":\"WebPage\",\"@id\":\"https:\\\/\\\/angelgreen.pl\\\/en\\\/privacy-policy\\\/\",\"url\":\"https:\\\/\\\/angelgreen.pl\\\/en\\\/privacy-policy\\\/\",\"name\":\"Privacy Policy - Angel Green\",\"isPartOf\":{\"@id\":\"https:\\\/\\\/angelgreen.pl\\\/en\\\/#website\"},\"datePublished\":\"2024-08-13T11:29:18+00:00\",\"dateModified\":\"2024-09-11T11:03:03+00:00\",\"breadcrumb\":{\"@id\":\"https:\\\/\\\/angelgreen.pl\\\/en\\\/privacy-policy\\\/#breadcrumb\"},\"inLanguage\":\"en-US\",\"potentialAction\":[{\"@type\":\"ReadAction\",\"target\":[\"https:\\\/\\\/angelgreen.pl\\\/en\\\/privacy-policy\\\/\"]}]},{\"@type\":\"BreadcrumbList\",\"@id\":\"https:\\\/\\\/angelgreen.pl\\\/en\\\/privacy-policy\\\/#breadcrumb\",\"itemListElement\":[{\"@type\":\"ListItem\",\"position\":1,\"name\":\"Strona g\u0142\u00f3wna\",\"item\":\"https:\\\/\\\/angelgreen.pl\\\/en\\\/\"},{\"@type\":\"ListItem\",\"position\":2,\"name\":\"Privacy Policy\"}]},{\"@type\":\"WebSite\",\"@id\":\"https:\\\/\\\/angelgreen.pl\\\/en\\\/#website\",\"url\":\"https:\\\/\\\/angelgreen.pl\\\/en\\\/\",\"name\":\"Angel Green\",\"description\":\"\",\"potentialAction\":[{\"@type\":\"SearchAction\",\"target\":{\"@type\":\"EntryPoint\",\"urlTemplate\":\"https:\\\/\\\/angelgreen.pl\\\/en\\\/?s={search_term_string}\"},\"query-input\":{\"@type\":\"PropertyValueSpecification\",\"valueRequired\":true,\"valueName\":\"search_term_string\"}}],\"inLanguage\":\"en-US\"}]}<\/script>\n<!-- \/ Yoast SEO plugin. -->","yoast_head_json":{"title":"Privacy Policy - Angel Green","robots":{"index":"index","follow":"follow","max-snippet":"max-snippet:-1","max-image-preview":"max-image-preview:large","max-video-preview":"max-video-preview:-1"},"canonical":"https:\/\/angelgreen.pl\/en\/privacy-policy\/","og_locale":"en_US","og_type":"article","og_title":"Privacy Policy - Angel Green","og_description":"Korzystaj\u0105c z naszej strony internetowej \u2013 angelgreen.com.pl oraz angelgreen.pl, powierzasz nam swoje dane osobowe. Ochrona informacji dotycz\u0105cych U\u017cytkownik\u00f3w naszego serwisu jest dla nas spraw\u0105 najwy\u017cszej wagi, w zwi\u0105zku z czym dok\u0142adamy najwy\u017cszych stara\u0144, by nasz U\u017cytkownik czu\u0142 si\u0119 bezpiecznie. Niniejsza Polityka prywatno\u015bci wyja\u015bnia zasady i zakres przetwarzania przez nas danych naszych U\u017cytkownik\u00f3w, przys\u0142uguj\u0105ce U\u017cytkownikowi prawa [&hellip;]","og_url":"https:\/\/angelgreen.pl\/en\/privacy-policy\/","og_site_name":"Angel Green","article_modified_time":"2024-09-11T11:03:03+00:00","twitter_card":"summary_large_image","twitter_misc":{"Est. reading time":"10 minutes"},"schema":{"@context":"https:\/\/schema.org","@graph":[{"@type":"WebPage","@id":"https:\/\/angelgreen.pl\/en\/privacy-policy\/","url":"https:\/\/angelgreen.pl\/en\/privacy-policy\/","name":"Privacy Policy - Angel Green","isPartOf":{"@id":"https:\/\/angelgreen.pl\/en\/#website"},"datePublished":"2024-08-13T11:29:18+00:00","dateModified":"2024-09-11T11:03:03+00:00","breadcrumb":{"@id":"https:\/\/angelgreen.pl\/en\/privacy-policy\/#breadcrumb"},"inLanguage":"en-US","potentialAction":[{"@type":"ReadAction","target":["https:\/\/angelgreen.pl\/en\/privacy-policy\/"]}]},{"@type":"BreadcrumbList","@id":"https:\/\/angelgreen.pl\/en\/privacy-policy\/#breadcrumb","itemListElement":[{"@type":"ListItem","position":1,"name":"Strona g\u0142\u00f3wna","item":"https:\/\/angelgreen.pl\/en\/"},{"@type":"ListItem","position":2,"name":"Privacy Policy"}]},{"@type":"WebSite","@id":"https:\/\/angelgreen.pl\/en\/#website","url":"https:\/\/angelgreen.pl\/en\/","name":"Angel Green","description":"","potentialAction":[{"@type":"SearchAction","target":{"@type":"EntryPoint","urlTemplate":"https:\/\/angelgreen.pl\/en\/?s={search_term_string}"},"query-input":{"@type":"PropertyValueSpecification","valueRequired":true,"valueName":"search_term_string"}}],"inLanguage":"en-US"}]}},"_links":{"self":[{"href":"https:\/\/angelgreen.pl\/en\/wp-json\/wp\/v2\/pages\/234","targetHints":{"allow":["GET"]}}],"collection":[{"href":"https:\/\/angelgreen.pl\/en\/wp-json\/wp\/v2\/pages"}],"about":[{"href":"https:\/\/angelgreen.pl\/en\/wp-json\/wp\/v2\/types\/page"}],"author":[{"embeddable":true,"href":"https:\/\/angelgreen.pl\/en\/wp-json\/wp\/v2\/users\/1"}],"replies":[{"embeddable":true,"href":"https:\/\/angelgreen.pl\/en\/wp-json\/wp\/v2\/comments?post=234"}],"version-history":[{"count":1,"href":"https:\/\/angelgreen.pl\/en\/wp-json\/wp\/v2\/pages\/234\/revisions"}],"predecessor-version":[{"id":235,"href":"https:\/\/angelgreen.pl\/en\/wp-json\/wp\/v2\/pages\/234\/revisions\/235"}],"wp:attachment":[{"href":"https:\/\/angelgreen.pl\/en\/wp-json\/wp\/v2\/media?parent=234"}],"curies":[{"name":"wp","href":"https:\/\/api.w.org\/{rel}","templated":true}]}}